{"id":37,"date":"2021-05-14T17:02:07","date_gmt":"2021-05-14T17:02:07","guid":{"rendered":"https:\/\/nabore.gilberg.de\/?page_id=37"},"modified":"2021-06-22T08:25:23","modified_gmt":"2021-06-22T08:25:23","slug":"nachhaltigkeit","status":"publish","type":"page","link":"https:\/\/nabore.gilberg.de\/?page_id=37","title":{"rendered":"Nachhaltigkeit"},"content":{"rendered":"\t\t<div data-elementor-type=\"wp-page\" data-elementor-id=\"37\" class=\"elementor elementor-37\">\n\t\t\t\t\t\t<section class=\"elementor-section elementor-top-section elementor-element elementor-element-22f73c5d elementor-section-full_width elementor-section-height-min-height elementor-section-items-stretch elementor-section-content-middle elementor-reverse-tablet elementor-reverse-mobile elementor-section-height-default\" data-id=\"22f73c5d\" data-element_type=\"section\" data-e-type=\"section\" data-settings=\"{&quot;background_background&quot;:&quot;classic&quot;}\">\n\t\t\t\t\t\t\t<div class=\"elementor-background-overlay\"><\/div>\n\t\t\t\t\t\t\t<div class=\"elementor-container elementor-column-gap-no\">\n\t\t\t\t\t<div class=\"elementor-column elementor-col-33 elementor-top-column elementor-element elementor-element-4c2fc831\" data-id=\"4c2fc831\" data-element_type=\"column\" data-e-type=\"column\" data-settings=\"{&quot;background_background&quot;:&quot;classic&quot;}\">\n\t\t\t<div class=\"elementor-widget-wrap elementor-element-populated\">\n\t\t\t\t\t<div class=\"elementor-background-overlay\"><\/div>\n\t\t\t\t\t\t<section class=\"elementor-section elementor-inner-section elementor-element elementor-element-fdaeb57 elementor-section-boxed elementor-section-height-default elementor-section-height-default elementor-invisible\" data-id=\"fdaeb57\" data-element_type=\"section\" data-e-type=\"section\" data-settings=\"{&quot;animation&quot;:&quot;zoomIn&quot;}\">\n\t\t\t\t\t\t<div class=\"elementor-container elementor-column-gap-no\">\n\t\t\t\t\t<div class=\"elementor-column elementor-col-100 elementor-inner-column elementor-element elementor-element-69cada53 elementor-invisible\" data-id=\"69cada53\" data-element_type=\"column\" data-e-type=\"column\" data-settings=\"{&quot;animation&quot;:&quot;zoomIn&quot;}\">\n\t\t\t<div class=\"elementor-widget-wrap elementor-element-populated\">\n\t\t\t\t\t\t<div class=\"elementor-element elementor-element-1f41d00 elementor-widget elementor-widget-heading\" data-id=\"1f41d00\" data-element_type=\"widget\" data-e-type=\"widget\" data-widget_type=\"heading.default\">\n\t\t\t\t<div class=\"elementor-widget-container\">\n\t\t\t\t\t<h2 class=\"elementor-heading-title elementor-size-default\">Unser Leitbild<\/h2>\t\t\t\t<\/div>\n\t\t\t\t<\/div>\n\t\t\t\t<div class=\"elementor-element elementor-element-78678d98 elementor-invisible elementor-widget elementor-widget-text-editor\" data-id=\"78678d98\" data-element_type=\"widget\" data-e-type=\"widget\" data-settings=\"{&quot;_animation&quot;:&quot;fadeIn&quot;}\" data-widget_type=\"text-editor.default\">\n\t\t\t\t<div class=\"elementor-widget-container\">\n\t\t\t\t\t\t\t\t\t<p>Zero-Waste-Technologie f\u00fcr mehr Umwelt und Verantwortung<\/p>\t\t\t\t\t\t\t\t<\/div>\n\t\t\t\t<\/div>\n\t\t\t\t\t<\/div>\n\t\t<\/div>\n\t\t\t\t\t<\/div>\n\t\t<\/section>\n\t\t\t\t\t<\/div>\n\t\t<\/div>\n\t\t\t\t<div class=\"elementor-column elementor-col-66 elementor-top-column elementor-element elementor-element-5008dfcd\" data-id=\"5008dfcd\" data-element_type=\"column\" data-e-type=\"column\" data-settings=\"{&quot;background_background&quot;:&quot;classic&quot;}\">\n\t\t\t<div class=\"elementor-widget-wrap elementor-element-populated\">\n\t\t\t\t\t\t<div class=\"elementor-element elementor-element-681db4b5 elementor-widget elementor-widget-spacer\" data-id=\"681db4b5\" data-element_type=\"widget\" data-e-type=\"widget\" data-widget_type=\"spacer.default\">\n\t\t\t\t<div class=\"elementor-widget-container\">\n\t\t\t\t\t\t\t<div class=\"elementor-spacer\">\n\t\t\t<div class=\"elementor-spacer-inner\"><\/div>\n\t\t<\/div>\n\t\t\t\t\t\t<\/div>\n\t\t\t\t<\/div>\n\t\t\t\t\t<\/div>\n\t\t<\/div>\n\t\t\t\t\t<\/div>\n\t\t<\/section>\n\t\t\t\t<section class=\"elementor-section elementor-top-section elementor-element elementor-element-8482d58 elementor-section-boxed elementor-section-height-default elementor-section-height-default\" data-id=\"8482d58\" data-element_type=\"section\" data-e-type=\"section\">\n\t\t\t\t\t\t<div class=\"elementor-container elementor-column-gap-default\">\n\t\t\t\t\t<div class=\"elementor-column elementor-col-100 elementor-top-column elementor-element elementor-element-055ac3e\" data-id=\"055ac3e\" data-element_type=\"column\" data-e-type=\"column\">\n\t\t\t<div class=\"elementor-widget-wrap elementor-element-populated\">\n\t\t\t\t\t\t<div class=\"elementor-element elementor-element-c37d6ee elementor-widget elementor-widget-spacer\" data-id=\"c37d6ee\" data-element_type=\"widget\" data-e-type=\"widget\" data-widget_type=\"spacer.default\">\n\t\t\t\t<div class=\"elementor-widget-container\">\n\t\t\t\t\t\t\t<div class=\"elementor-spacer\">\n\t\t\t<div class=\"elementor-spacer-inner\"><\/div>\n\t\t<\/div>\n\t\t\t\t\t\t<\/div>\n\t\t\t\t<\/div>\n\t\t\t\t\t<\/div>\n\t\t<\/div>\n\t\t\t\t\t<\/div>\n\t\t<\/section>\n\t\t\t\t<section class=\"elementor-section elementor-top-section elementor-element elementor-element-3e356963 elementor-section-full_width elementor-section-content-middle elementor-section-height-default elementor-section-height-default\" data-id=\"3e356963\" data-element_type=\"section\" data-e-type=\"section\">\n\t\t\t\t\t\t<div class=\"elementor-container elementor-column-gap-no\">\n\t\t\t\t\t<div class=\"elementor-column elementor-col-33 elementor-top-column elementor-element elementor-element-678f56f5\" data-id=\"678f56f5\" data-element_type=\"column\" data-e-type=\"column\">\n\t\t\t<div class=\"elementor-widget-wrap elementor-element-populated\">\n\t\t\t\t\t\t<div class=\"elementor-element elementor-element-49109856 elementor-widget-divider--view-line elementor-widget elementor-widget-divider\" data-id=\"49109856\" data-element_type=\"widget\" data-e-type=\"widget\" data-widget_type=\"divider.default\">\n\t\t\t\t<div class=\"elementor-widget-container\">\n\t\t\t\t\t\t\t<div class=\"elementor-divider\">\n\t\t\t<span class=\"elementor-divider-separator\">\n\t\t\t\t\t\t<\/span>\n\t\t<\/div>\n\t\t\t\t\t\t<\/div>\n\t\t\t\t<\/div>\n\t\t\t\t<div class=\"elementor-element elementor-element-b9e491a elementor-widget elementor-widget-text-editor\" data-id=\"b9e491a\" data-element_type=\"widget\" data-e-type=\"widget\" data-widget_type=\"text-editor.default\">\n\t\t\t\t<div class=\"elementor-widget-container\">\n\t\t\t\t\t\t\t\t\t<p>nachaltigkeit<\/p>\t\t\t\t\t\t\t\t<\/div>\n\t\t\t\t<\/div>\n\t\t\t\t<div class=\"elementor-element elementor-element-513c33b0 elementor-widget elementor-widget-heading\" data-id=\"513c33b0\" data-element_type=\"widget\" data-e-type=\"widget\" data-widget_type=\"heading.default\">\n\t\t\t\t<div class=\"elementor-widget-container\">\n\t\t\t\t\t<h3 class=\"elementor-heading-title elementor-size-default\">Zeit zum Umdenken<\/h3>\t\t\t\t<\/div>\n\t\t\t\t<\/div>\n\t\t\t\t\t<\/div>\n\t\t<\/div>\n\t\t\t\t<div class=\"elementor-column elementor-col-33 elementor-top-column elementor-element elementor-element-671d8a5e\" data-id=\"671d8a5e\" data-element_type=\"column\" data-e-type=\"column\">\n\t\t\t<div class=\"elementor-widget-wrap elementor-element-populated\">\n\t\t\t\t\t\t<div class=\"elementor-element elementor-element-22893ef5 elementor-widget elementor-widget-text-editor\" data-id=\"22893ef5\" data-element_type=\"widget\" data-e-type=\"widget\" data-widget_type=\"text-editor.default\">\n\t\t\t\t<div class=\"elementor-widget-container\">\n\t\t\t\t\t\t\t\t\t<p>NABORE\u00ae hat die L\u00f6sung f\u00fcr die optimale Nutzung von Lederstanzresten gefunden!<\/p><p>Aus einem Problem hat NABORE\u00ae eine einzigartige L\u00f6sung entwickelt, um ein wertvolles Produkt <br \/>vollst\u00e4ndig im Verarbeitungskreislauf\u00a0 zu halten.<\/p><p>Denn etwa 50% Verschnitt fallen bei der klassischen Herstellung von Schuhen, Lederbekleidung, Handtaschen, <br \/>Lederm\u00f6beln, Fahrzeugintereur etc. an,\u00a0 was einer Fl\u00e4che des Bayerischen Waldes, mit einer Gr\u00f6\u00dfe von 1000 km\u00b2, entspricht \u2013 und das Jahr f\u00fcr Jahr.<\/p><p>Mit der neuen NABORE\u00ae-Technologie schaffen wir einen wesentlichen Beitrag f\u00fcr mehr Nachhaltigkeit und den Schutz wertvoller Ressourcen durch Verwendung des gesamten Materials. Im Rahmen der NABORE\u00ae \u201eZERO-WASTE-Konzeption\u201c nutzt <br \/>NABORE\u00ae sein neues, innovatives Verfahren, das den gesamten Verarbeitungskreislauf neu definiert. Verschnittreste innerhalb des NABORE\u00ae \u2013 Produktionsprozesses werden immer wieder dem Kreislauf zugef\u00fchrt<\/p>\t\t\t\t\t\t\t\t<\/div>\n\t\t\t\t<\/div>\n\t\t\t\t\t<\/div>\n\t\t<\/div>\n\t\t\t\t<div class=\"elementor-column elementor-col-33 elementor-top-column elementor-element elementor-element-3549e19f\" data-id=\"3549e19f\" data-element_type=\"column\" data-e-type=\"column\">\n\t\t\t<div class=\"elementor-widget-wrap elementor-element-populated\">\n\t\t\t\t\t\t<div class=\"elementor-element elementor-element-71c03432 elementor-widget elementor-widget-image\" data-id=\"71c03432\" data-element_type=\"widget\" data-e-type=\"widget\" data-widget_type=\"image.default\">\n\t\t\t\t<div class=\"elementor-widget-container\">\n\t\t\t\t\t\t\t\t\t\t\t\t\t\t\t<img fetchpriority=\"high\" decoding=\"async\" width=\"508\" height=\"464\" src=\"https:\/\/nabore.gilberg.de\/wp-content\/uploads\/2021\/06\/Bayrischer-Wald.jpg\" class=\"attachment-full size-full wp-image-945\" alt=\"\" srcset=\"https:\/\/nabore.gilberg.de\/wp-content\/uploads\/2021\/06\/Bayrischer-Wald.jpg 508w, https:\/\/nabore.gilberg.de\/wp-content\/uploads\/2021\/06\/Bayrischer-Wald-300x274.jpg 300w\" sizes=\"(max-width: 508px) 100vw, 508px\" \/>\t\t\t\t\t\t\t\t\t\t\t\t\t\t\t<\/div>\n\t\t\t\t<\/div>\n\t\t\t\t<div class=\"elementor-element elementor-element-4071869 elementor-widget elementor-widget-text-editor\" data-id=\"4071869\" data-element_type=\"widget\" data-e-type=\"widget\" data-widget_type=\"text-editor.default\">\n\t\t\t\t<div class=\"elementor-widget-container\">\n\t\t\t\t\t\t\t\t\t<p>Etwa 1.000 km\u00b2 Leder wird jedes Jahr entsorgt. Das entspricht in etwa der Gr\u00f6\u00dfe es Bayerischen Waldes.<\/p>\t\t\t\t\t\t\t\t<\/div>\n\t\t\t\t<\/div>\n\t\t\t\t\t<\/div>\n\t\t<\/div>\n\t\t\t\t\t<\/div>\n\t\t<\/section>\n\t\t\t\t<section class=\"elementor-section elementor-top-section elementor-element elementor-element-dca7823 elementor-section-boxed elementor-section-height-default elementor-section-height-default\" data-id=\"dca7823\" data-element_type=\"section\" data-e-type=\"section\" data-settings=\"{&quot;background_background&quot;:&quot;classic&quot;}\">\n\t\t\t\t\t\t<div class=\"elementor-container elementor-column-gap-default\">\n\t\t\t\t\t<div class=\"elementor-column elementor-col-100 elementor-top-column elementor-element elementor-element-7b0fc0e\" data-id=\"7b0fc0e\" data-element_type=\"column\" data-e-type=\"column\" data-settings=\"{&quot;background_background&quot;:&quot;classic&quot;}\">\n\t\t\t<div class=\"elementor-widget-wrap elementor-element-populated\">\n\t\t\t\t\t\t<div class=\"elementor-element elementor-element-5752277 elementor-invisible elementor-widget elementor-widget-image\" data-id=\"5752277\" data-element_type=\"widget\" data-e-type=\"widget\" data-settings=\"{&quot;_animation&quot;:&quot;zoomIn&quot;}\" data-widget_type=\"image.default\">\n\t\t\t\t<div class=\"elementor-widget-container\">\n\t\t\t\t\t\t\t\t\t\t\t\t\t\t\t<img decoding=\"async\" width=\"800\" height=\"359\" src=\"https:\/\/nabore.gilberg.de\/wp-content\/uploads\/2021\/06\/Kreislauf_Zero_Waste-1024x460.png\" class=\"attachment-large size-large wp-image-949\" alt=\"\" srcset=\"https:\/\/nabore.gilberg.de\/wp-content\/uploads\/2021\/06\/Kreislauf_Zero_Waste-1024x460.png 1024w, https:\/\/nabore.gilberg.de\/wp-content\/uploads\/2021\/06\/Kreislauf_Zero_Waste-300x135.png 300w, https:\/\/nabore.gilberg.de\/wp-content\/uploads\/2021\/06\/Kreislauf_Zero_Waste-768x345.png 768w, https:\/\/nabore.gilberg.de\/wp-content\/uploads\/2021\/06\/Kreislauf_Zero_Waste-1536x690.png 1536w, https:\/\/nabore.gilberg.de\/wp-content\/uploads\/2021\/06\/Kreislauf_Zero_Waste-2048x920.png 2048w\" sizes=\"(max-width: 800px) 100vw, 800px\" \/>\t\t\t\t\t\t\t\t\t\t\t\t\t\t\t<\/div>\n\t\t\t\t<\/div>\n\t\t\t\t\t<\/div>\n\t\t<\/div>\n\t\t\t\t\t<\/div>\n\t\t<\/section>\n\t\t\t\t<section class=\"elementor-section elementor-top-section elementor-element elementor-element-282fe51 elementor-section-boxed elementor-section-height-default elementor-section-height-default\" data-id=\"282fe51\" data-element_type=\"section\" data-e-type=\"section\">\n\t\t\t\t\t\t<div class=\"elementor-container elementor-column-gap-default\">\n\t\t\t\t\t<div class=\"elementor-column elementor-col-100 elementor-top-column elementor-element elementor-element-8fcc77b\" data-id=\"8fcc77b\" data-element_type=\"column\" data-e-type=\"column\">\n\t\t\t<div class=\"elementor-widget-wrap elementor-element-populated\">\n\t\t\t\t\t\t<div class=\"elementor-element elementor-element-a42c993 elementor-widget elementor-widget-spacer\" data-id=\"a42c993\" data-element_type=\"widget\" data-e-type=\"widget\" data-widget_type=\"spacer.default\">\n\t\t\t\t<div class=\"elementor-widget-container\">\n\t\t\t\t\t\t\t<div class=\"elementor-spacer\">\n\t\t\t<div class=\"elementor-spacer-inner\"><\/div>\n\t\t<\/div>\n\t\t\t\t\t\t<\/div>\n\t\t\t\t<\/div>\n\t\t\t\t<div class=\"elementor-element elementor-element-a803cb0 elementor-widget elementor-widget-image\" data-id=\"a803cb0\" data-element_type=\"widget\" data-e-type=\"widget\" data-widget_type=\"image.default\">\n\t\t\t\t<div class=\"elementor-widget-container\">\n\t\t\t\t\t\t\t\t\t\t\t\t\t\t\t<img decoding=\"async\" width=\"800\" height=\"429\" src=\"https:\/\/nabore.gilberg.de\/wp-content\/uploads\/2021\/06\/Nabore_Nachhaltigkeit.jpg\" class=\"attachment-large size-large wp-image-965\" alt=\"\" srcset=\"https:\/\/nabore.gilberg.de\/wp-content\/uploads\/2021\/06\/Nabore_Nachhaltigkeit.jpg 992w, https:\/\/nabore.gilberg.de\/wp-content\/uploads\/2021\/06\/Nabore_Nachhaltigkeit-300x161.jpg 300w, https:\/\/nabore.gilberg.de\/wp-content\/uploads\/2021\/06\/Nabore_Nachhaltigkeit-768x412.jpg 768w\" sizes=\"(max-width: 800px) 100vw, 800px\" \/>\t\t\t\t\t\t\t\t\t\t\t\t\t\t\t<\/div>\n\t\t\t\t<\/div>\n\t\t\t\t\t<\/div>\n\t\t<\/div>\n\t\t\t\t\t<\/div>\n\t\t<\/section>\n\t\t\t\t<\/div>\n\t\t","protected":false},"excerpt":{"rendered":"<p>Unser Leitbild Zero-Waste-Technologie f\u00fcr mehr Umwelt und Verantwortung nachaltigkeit Zeit zum Umdenken NABORE\u00ae hat die L\u00f6sung f\u00fcr die optimale Nutzung von Lederstanzresten gefunden! Aus einem Problem hat NABORE\u00ae eine einzigartige L\u00f6sung entwickelt, um ein wertvolles Produkt vollst\u00e4ndig im Verarbeitungskreislauf\u00a0 zu halten. Denn etwa 50% Verschnitt fallen bei der klassischen Herstellung von Schuhen, Lederbekleidung, Handtaschen, Lederm\u00f6beln, [&hellip;]<\/p>\n","protected":false},"author":1,"featured_media":0,"parent":0,"menu_order":0,"comment_status":"closed","ping_status":"closed","template":"","meta":{"footnotes":""},"class_list":["post-37","page","type-page","status-publish","hentry"],"_links":{"self":[{"href":"https:\/\/nabore.gilberg.de\/index.php?rest_route=\/wp\/v2\/pages\/37","targetHints":{"allow":["GET"]}}],"collection":[{"href":"https:\/\/nabore.gilberg.de\/index.php?rest_route=\/wp\/v2\/pages"}],"about":[{"href":"https:\/\/nabore.gilberg.de\/index.php?rest_route=\/wp\/v2\/types\/page"}],"author":[{"embeddable":true,"href":"https:\/\/nabore.gilberg.de\/index.php?rest_route=\/wp\/v2\/users\/1"}],"replies":[{"embeddable":true,"href":"https:\/\/nabore.gilberg.de\/index.php?rest_route=%2Fwp%2Fv2%2Fcomments&post=37"}],"version-history":[{"count":139,"href":"https:\/\/nabore.gilberg.de\/index.php?rest_route=\/wp\/v2\/pages\/37\/revisions"}],"predecessor-version":[{"id":1384,"href":"https:\/\/nabore.gilberg.de\/index.php?rest_route=\/wp\/v2\/pages\/37\/revisions\/1384"}],"wp:attachment":[{"href":"https:\/\/nabore.gilberg.de\/index.php?rest_route=%2Fwp%2Fv2%2Fmedia&parent=37"}],"curies":[{"name":"wp","href":"https:\/\/api.w.org\/{rel}","templated":true}]}}