{"id":688,"date":"2021-05-23T06:58:37","date_gmt":"2021-05-23T06:58:37","guid":{"rendered":"https:\/\/nabore.gilberg.de\/?page_id=688"},"modified":"2021-05-23T07:03:28","modified_gmt":"2021-05-23T07:03:28","slug":"impressum","status":"publish","type":"page","link":"https:\/\/nabore.gilberg.de\/?page_id=688","title":{"rendered":"Impressum"},"content":{"rendered":"\t\t<div data-elementor-type=\"wp-page\" data-elementor-id=\"688\" class=\"elementor elementor-688\">\n\t\t\t\t\t\t<section class=\"elementor-section elementor-top-section elementor-element elementor-element-e89fa5a elementor-section-boxed elementor-section-height-default elementor-section-height-default\" data-id=\"e89fa5a\" data-element_type=\"section\" data-e-type=\"section\">\n\t\t\t\t\t\t<div class=\"elementor-container elementor-column-gap-default\">\n\t\t\t\t\t<div class=\"elementor-column elementor-col-33 elementor-top-column elementor-element elementor-element-0312c2b\" data-id=\"0312c2b\" data-element_type=\"column\" data-e-type=\"column\">\n\t\t\t<div class=\"elementor-widget-wrap\">\n\t\t\t\t\t\t\t<\/div>\n\t\t<\/div>\n\t\t\t\t<div class=\"elementor-column elementor-col-33 elementor-top-column elementor-element elementor-element-cad39d9\" data-id=\"cad39d9\" data-element_type=\"column\" data-e-type=\"column\">\n\t\t\t<div class=\"elementor-widget-wrap elementor-element-populated\">\n\t\t\t\t\t\t<div class=\"elementor-element elementor-element-977b638 elementor-widget elementor-widget-text-editor\" data-id=\"977b638\" data-element_type=\"widget\" data-e-type=\"widget\" data-widget_type=\"text-editor.default\">\n\t\t\t\t<div class=\"elementor-widget-container\">\n\t\t\t\t\t\t\t\t\t<div>&nbsp;<\/div>\n<div>&nbsp;<\/div>\n<div>&nbsp;<\/div>\n<div><b>Impressum<\/b><\/div>\n<div>&nbsp;<\/div>\n<div>Angaben gem\u00e4\u00df \u00a7 5 TMG:<\/div>\n<div>&nbsp;<\/div>\n<div>Nabore GmbH&nbsp;<\/div>\n<div>Marktplatz 25<\/div>\n<div>D-94104 Tittling<\/div>\n<div>&nbsp;<\/div>\n<div><b>Vertreten durch:<\/b><\/div>\n<div>&nbsp;<\/div>\n<div>Bernhard Machhein, Ewald Wilka, Holger Hain<\/div>\n<div>&nbsp;<\/div>\n<div>&nbsp;<\/div>\n<div><b>Kontakt<\/b>:<\/div>\n<div>&nbsp;<\/div>\n<div>Telefon: +49 (0)8504-954821<\/div>\n<div>Fax: +49 (0)8504-954815<\/div>\n<div>&nbsp;<\/div>\n<div>E-Mail: info@nabore.eu<\/div>\n<div>&nbsp;<\/div>\n<div><b>Registereintrag:<\/b><\/div>\n<div>&nbsp;<\/div>\n<div>Eintragung im Handelsregister.<\/div>\n<div>Registergericht:Amtsgericht unbekannt<\/div>\n<div>Registernummer: HRB unbekannt<\/div>\n<div>Umsatzsteuer-ID:<\/div>\n<div>&nbsp;<\/div>\n<div>Umsatzsteuer-Identifikationsnummer gem\u00e4\u00df \u00a727 a Umsatzsteuergesetz:<\/div>\n<div>DE xxx xxx xxx<\/div>\n<div>&nbsp;<\/div>\n<div><b>Quellenangaben f\u00fcr die verwendeten Bilder und Grafiken:<\/b><\/div>\n<div>&nbsp;<\/div>\n<div>www.shutterstock.com\/<\/div>\n<div>www.adobe.com<\/div>\n<div>&nbsp;<\/div>\n<div>&nbsp;<\/div>\n<div>Quelle: Erstellt durch den Impressum-Generator von e-recht24.de f\u00fcr Gesellschaft beschr\u00e4nkter Haftung (GmbH).<\/div>\n<div>&nbsp;<\/div>\n<div><b>Haftungsausschluss:<\/b><\/div>\n<div>&nbsp;<\/div>\n<div><b>Haftung f\u00fcr Inhalte<\/b><\/div>\n<div>&nbsp;<\/div>\n<div>Die Inhalte unserer Seiten wurden mit gr\u00f6\u00dfter Sorgfalt erstellt. F\u00fcr die Richtigkeit, Vollst\u00e4ndigkeit und Aktualit\u00e4t der Inhalte<\/div>\n<div>k\u00f6nnen wir jedoch keine Gew\u00e4hr \u00fcbernehmen. Als Diensteanbieter sind wir gem\u00e4\u00df \u00a7 7 Abs.1 TMG f\u00fcr eigene Inhalte auf diesen Seiten nach den allgemeinen Gesetzen verantwortlich.<\/div>\n<div>&nbsp;<\/div>\n<div>Nach \u00a7\u00a7 8 bis 10 TMG sind wir als Diensteanbieter jedoch nicht verpflichtet, \u00fcbermittelte oder gespeicherte fremde Informationen zu \u00fcberwachen oder nach Umst\u00e4nden zu forschen, die auf eine rechtswidrige T\u00e4tigkeit hinweisen. Verpflichtungen zur Entfernung oder Sperrung der Nutzung von Informationen nach den allgemeinen Gesetzen bleiben hiervon<\/div>\n<div>unber\u00fchrt. Eine diesbez\u00fcgliche Haftung ist jedoch erst ab dem Zeitpunkt der Kenntnis einer konkreten Rechtsverletzung m\u00f6glich. Bei Bekanntwerden von entsprechenden Rechtsverletzungen werden wir diese Inhalte umgehend entfernen.<\/div>\n<div>&nbsp;<\/div>\n<div>&nbsp;<\/div>\n<div><b>Haftung f\u00fcr Links<\/b><\/div>\n<div>&nbsp;<\/div>\n<div>Unser Angebot enth\u00e4lt Links zu externen Webseiten Dritter, auf deren Inhalte wir keinen Einfluss haben. Deshalb k\u00f6nnen wir f\u00fcr diese fremden Inhalte auch keine Gew\u00e4hr \u00fcbernehmen. F\u00fcr die Inhalte der verlinkten Seiten ist stets der jeweilige Anbieter oder Betreiber der Seiten verantwortlich. Die verlinkten Seiten wurden zum Zeitpunkt der Verlinkung auf m\u00f6gliche Rechtsverst\u00f6\u00dfe \u00fcberpr\u00fcft. Rechtswidrige Inhalte waren zum Zeitpunkt der Verlinkung nicht erkennbar. Eine permanente inhaltliche Kontrolle der verlinkten Seiten ist jedoch ohne konkrete Anhaltspunkte einer Rechtsverletzung nicht zumutbar. Bei Bekanntwerden von Rechtsverletzungen werden wir derartige Links umgehend entfernen.<\/div>\n<div>&nbsp;<\/div>\n<div>&nbsp;<\/div>\n<div><b>Urheberrecht<\/b><\/div>\n<div>&nbsp;<\/div>\n<div>Die durch die Seitenbetreiber erstellten Inhalte und Werke auf diesen Seiten unterliegen dem deutschen Urheberrecht. Die Vervielf\u00e4ltigung, Bearbeitung, Verbreitung und jede Art der Verwertung au\u00dferhalb der Grenzen des Urheberrechtes bed\u00fcrfen<\/div>\n<div>der schriftlichen Zustimmung des jeweiligen Autors bzw. Erstellers. Downloads und Kopien dieser Seite sind nur f\u00fcr den privaten, nicht kommerziellen Gebrauch gestattet. Soweit die Inhalte auf dieser Seite nicht vom Betreiber erstellt wurden,<\/div>\n<div>werden die Urheberrechte Dritter beachtet. Insbesondere werden Inhalte Dritter als solche gekennzeichnet. Sollten Sie trotzdem auf eine Urheberrechtsverletzung aufmerksam werden, bitten wir um einen entsprechenden Hinweis. Bei Bekanntwerden von Rechtsverletzungen werden wir derartige Inhalte umgehend entfernen.<\/div>\t\t\t\t\t\t\t\t<\/div>\n\t\t\t\t<\/div>\n\t\t\t\t\t<\/div>\n\t\t<\/div>\n\t\t\t\t<div class=\"elementor-column elementor-col-33 elementor-top-column elementor-element elementor-element-a1290c8\" data-id=\"a1290c8\" data-element_type=\"column\" data-e-type=\"column\">\n\t\t\t<div class=\"elementor-widget-wrap\">\n\t\t\t\t\t\t\t<\/div>\n\t\t<\/div>\n\t\t\t\t\t<\/div>\n\t\t<\/section>\n\t\t\t\t<\/div>\n\t\t","protected":false},"excerpt":{"rendered":"<p>&nbsp; &nbsp; &nbsp; Impressum &nbsp; Angaben gem\u00e4\u00df \u00a7 5 TMG: &nbsp; Nabore GmbH&nbsp; Marktplatz 25 D-94104 Tittling &nbsp; Vertreten durch: &nbsp; Bernhard Machhein, Ewald Wilka, Holger Hain &nbsp; &nbsp; Kontakt: &nbsp; Telefon: +49 (0)8504-954821 Fax: +49 (0)8504-954815 &nbsp; E-Mail: info@nabore.eu &nbsp; Registereintrag: &nbsp; Eintragung im Handelsregister. Registergericht:Amtsgericht unbekannt Registernummer: HRB unbekannt Umsatzsteuer-ID: &nbsp; Umsatzsteuer-Identifikationsnummer gem\u00e4\u00df [&hellip;]<\/p>\n","protected":false},"author":1,"featured_media":0,"parent":0,"menu_order":0,"comment_status":"closed","ping_status":"closed","template":"","meta":{"footnotes":""},"class_list":["post-688","page","type-page","status-publish","hentry"],"_links":{"self":[{"href":"https:\/\/nabore.gilberg.de\/index.php?rest_route=\/wp\/v2\/pages\/688","targetHints":{"allow":["GET"]}}],"collection":[{"href":"https:\/\/nabore.gilberg.de\/index.php?rest_route=\/wp\/v2\/pages"}],"about":[{"href":"https:\/\/nabore.gilberg.de\/index.php?rest_route=\/wp\/v2\/types\/page"}],"author":[{"embeddable":true,"href":"https:\/\/nabore.gilberg.de\/index.php?rest_route=\/wp\/v2\/users\/1"}],"replies":[{"embeddable":true,"href":"https:\/\/nabore.gilberg.de\/index.php?rest_route=%2Fwp%2Fv2%2Fcomments&post=688"}],"version-history":[{"count":4,"href":"https:\/\/nabore.gilberg.de\/index.php?rest_route=\/wp\/v2\/pages\/688\/revisions"}],"predecessor-version":[{"id":692,"href":"https:\/\/nabore.gilberg.de\/index.php?rest_route=\/wp\/v2\/pages\/688\/revisions\/692"}],"wp:attachment":[{"href":"https:\/\/nabore.gilberg.de\/index.php?rest_route=%2Fwp%2Fv2%2Fmedia&parent=688"}],"curies":[{"name":"wp","href":"https:\/\/api.w.org\/{rel}","templated":true}]}}